{"id":246,"date":"2023-04-05T09:00:07","date_gmt":"2023-04-05T07:00:07","guid":{"rendered":"https:\/\/geoweb.enea.it\/?page_id=246"},"modified":"2023-06-26T10:10:41","modified_gmt":"2023-06-26T08:10:41","slug":"note","status":"publish","type":"page","link":"https:\/\/geoweb.enea.it\/?page_id=246","title":{"rendered":"note"},"content":{"rendered":"\n<p>I contenuti del presente sito sono di propriet\u00e1 della divisione <a href=\"https:\/\/impatti.sostenibilita.enea.it\/structure\/met\">SSPT-MET<\/a> di <a href=\"http:\/\/www.enea.it\">ENEA<\/a> che li gestisce riservandosi, con piena discrezionalit\u00e1 nei limiti di legge, il diritto di modificare, sospendere o annullare, liberamente e senza preavviso, termini, condizioni i contenuti del presente sito.<\/p>\n\n\n\n<p>Le informazioni fornite dal sito non costituiscono e non hanno valore di consulenza. Il materiale \u00e9 pubblicato nel sito nell\u2019ambito dell\u2019attivit\u00e1 informativa. Pertanto non garantiamo che i contenuti presenti nel sito possano essere idonei a qualsivoglia scopo e\/o utilizzo particolare degli utenti e non rispondiamo di eventuali danni o mancati guadagni derivanti dall\u2019utilizzo delle informazioni contenute nel sito da parte degli utenti. Le indicazioni contenute nel sito devono sempre essere utilizzate come criteri di carattere generale che possono non essere validi nel caso concreto, che l\u2019utente \u00e9 tenuto a valutare autonomamente, assumendosi l\u2019esclusiva responsabilit\u00e1 della sua condotta attiva e omissiva.<\/p>\n\n\n\n<p>Disclaimer sull\u2019accesso e l\u2019utilizzo dei contenuti del presente sito Il gestore assicura che il presente sito \u00e9 stato configurato e per quanto possibile verr\u00e1 gestito applicando ogni ragionevole tecnica e strumento idonei a garantire una corretta e continua operativit\u00e1 dello stesso. Tuttavia, il gestore non pu\u00f3 escludere che si verifichino talvolta malfunzionamenti e\/o difetti di trasmissione.<\/p>\n\n\n\n<p>Accedendo al sito, l\u2019utente:<\/p>\n\n\n\n<p>si obbliga a non reclamare come proprie le informazioni in esso contenute.<br>prende atto ed accetta che il sito o parti di esso potrebbero essere inaccessibili temporaneamente a causa di malfunzionamenti e\/o difetti di connessione o comunque di eventi al di fuori dal controllo del gestore;<br>Accedendo al sito, l\u2019utente si obbliga a:<\/p>\n\n\n\n<p>non utilizzare il sito o il materiale in esso inserito per perseguire scopi illegali ovvero quale strumento per divulgare o diffondere in qualsiasi modo materiale o contenuti preordinati alla commissione di attivit\u00e1 illecita;<br>non utilizzare il sito in modo da interrompere, danneggiare o rendere meno efficiente una parte o la totalit\u00e1 di esso o in modo da danneggiare in qualche modo l\u2019efficacia o la funzionalit\u00e1 del sito;<br>non utilizzare il sito per la trasmissione o il collocamento di virus o qualsiasi altro materiale diffamatorio, offensivo, osceno o minaccioso o che in qualche modo possa creare fastidio, disturbo o qualsivoglia pregiudizio;<br>non utilizzare il sito in modo da costituire una violazione di persone o ditte (compresi, ma ad essi non limitati, i diritti di copyright o riservatezza);<br>non utilizzare il sito per trasmettere materiale a scopo pubblicitario e\/o promozionale senza il permesso scritto del gestore.<br>Terze parti, prodotti e servizi<br>Non \u00e9 consentito agli utenti e a terzi di creare dei collegamenti (links) al presente sito senza la preventiva approvazione per iscritto del gestore. In ogni caso l\u2019editore si riserva il diritto di chiedere che vengano rimossi in qualsiasi momento i collegamenti (links) al presente sito.<\/p>\n\n\n\n<p>Propriet\u00e1 intellettuale<br>Il gestore detiene tutti i diritti relativamente a tutte le informazioni fornite nel sito o tramite esso (inclusi tutti i testi, grafici e logo). L\u2019uso del sito \u00e9 meramente personale e non commerciale (tranne nel caso di partnership regolarmente concordate). \u00c9 fatto, pertanto, divieto di copiare, modificare, caricare, scaricare, trasmettere, pubblicare, o distribuire a terzi per scopi commerciali o di altro genere il contenuto o i marchi del sito. L\u2019utente, per scopi meramente personali e mai di carattere commerciale, ha la facolt\u00e1 di scaricare testi o altri contenuti del sito e di diffonderli a condizione che sia esplicitamente e chiaramente indicata la fonte degli stessi.<\/p>\n\n\n\n<p>Legge applicabile<br>Questo sito e le presenti norme e condizioni sono regolate e costruite in conformit\u00e1 con la legge italiana. In caso di discrepanze o differenze di interpretazione tra le varie versioni delle presenti norme e condizioni, dovr\u00e1 prevalere la versione in lingua italiana.<\/p>\n","protected":false},"excerpt":{"rendered":"<p>I contenuti del presente sito sono di propriet\u00e1 della divisione SSPT-MET di ENEA che li gestisce riservandosi, con piena discrezionalit\u00e1 nei limiti di legge, il diritto di modificare, sospendere o annullare, liberamente e senza preavviso, termini, condizioni i contenuti del &hellip; <a href=\"https:\/\/geoweb.enea.it\/?page_id=246\">Continua<\/a><\/p>\n","protected":false},"author":1,"featured_media":0,"parent":0,"menu_order":0,"comment_status":"closed","ping_status":"closed","template":"","meta":{"kt_blocks_editor_width":"","footnotes":""},"class_list":["post-246","page","type-page","status-publish","hentry"],"_links":{"self":[{"href":"https:\/\/geoweb.enea.it\/index.php?rest_route=\/wp\/v2\/pages\/246","targetHints":{"allow":["GET"]}}],"collection":[{"href":"https:\/\/geoweb.enea.it\/index.php?rest_route=\/wp\/v2\/pages"}],"about":[{"href":"https:\/\/geoweb.enea.it\/index.php?rest_route=\/wp\/v2\/types\/page"}],"author":[{"embeddable":true,"href":"https:\/\/geoweb.enea.it\/index.php?rest_route=\/wp\/v2\/users\/1"}],"replies":[{"embeddable":true,"href":"https:\/\/geoweb.enea.it\/index.php?rest_route=%2Fwp%2Fv2%2Fcomments&post=246"}],"version-history":[{"count":3,"href":"https:\/\/geoweb.enea.it\/index.php?rest_route=\/wp\/v2\/pages\/246\/revisions"}],"predecessor-version":[{"id":820,"href":"https:\/\/geoweb.enea.it\/index.php?rest_route=\/wp\/v2\/pages\/246\/revisions\/820"}],"wp:attachment":[{"href":"https:\/\/geoweb.enea.it\/index.php?rest_route=%2Fwp%2Fv2%2Fmedia&parent=246"}],"curies":[{"name":"wp","href":"https:\/\/api.w.org\/{rel}","templated":true}]}}