{"id":31,"date":"2023-03-27T10:50:22","date_gmt":"2023-03-27T08:50:22","guid":{"rendered":"http:\/\/geoweb.enea.it\/?page_id=31"},"modified":"2025-03-13T09:13:11","modified_gmt":"2025-03-13T08:13:11","slug":"benvenuti","status":"publish","type":"page","link":"https:\/\/geoweb.enea.it\/","title":{"rendered":"benvenuti"},"content":{"rendered":"\t\t<div data-elementor-type=\"wp-page\" data-elementor-id=\"31\" class=\"elementor elementor-31\">\n\t\t\t\t\t\t<section class=\"elementor-section elementor-top-section elementor-element elementor-element-7c60ec4 elementor-section-boxed elementor-section-height-default elementor-section-height-default\" data-id=\"7c60ec4\" data-element_type=\"section\">\n\t\t\t\t\t\t<div class=\"elementor-container elementor-column-gap-default\">\n\t\t\t\t\t<div class=\"elementor-column elementor-col-100 elementor-top-column elementor-element elementor-element-71ad89d\" data-id=\"71ad89d\" data-element_type=\"column\">\n\t\t\t<div class=\"elementor-widget-wrap elementor-element-populated\">\n\t\t\t\t\t\t<div class=\"elementor-element elementor-element-6bfe2f7 elementor-widget elementor-widget-text-editor\" data-id=\"6bfe2f7\" data-element_type=\"widget\" data-widget_type=\"text-editor.default\">\n\t\t\t\t<div class=\"elementor-widget-container\">\n\t\t\t<style>\/*! elementor - v3.23.0 - 25-07-2024 *\/\n.elementor-widget-text-editor.elementor-drop-cap-view-stacked .elementor-drop-cap{background-color:#69727d;color:#fff}.elementor-widget-text-editor.elementor-drop-cap-view-framed .elementor-drop-cap{color:#69727d;border:3px solid;background-color:transparent}.elementor-widget-text-editor:not(.elementor-drop-cap-view-default) .elementor-drop-cap{margin-top:8px}.elementor-widget-text-editor:not(.elementor-drop-cap-view-default) .elementor-drop-cap-letter{width:1em;height:1em}.elementor-widget-text-editor .elementor-drop-cap{float:left;text-align:center;line-height:1;font-size:50px}.elementor-widget-text-editor .elementor-drop-cap-letter{display:inline-block}<\/style>\t\t\t\t<p>In questo sito <a href=\"http:\/\/www.enea.it\">ENEA<\/a>, la Divisione<a href=\"https:\/\/clima.sostenibilita.enea.it\/structure\/climar\"> CLIMAR<\/a> del DIpartimento <a href=\"https:\/\/sostenibilita.enea.it\">SSPT<\/a> presenta in modo geografico i risultati dei propri modelli&nbsp; di simulazione Atmosferica e Oceanica e di analisi Climatica.<\/p>\n<ul>\n<li>La simulazione atmosferica (<span style=\"text-decoration: underline;\"><a href=\"https:\/\/geoweb.enea.it\/?page_id=27\">ARIA<\/a><\/span> nel men\u00f9) mostra il trasporto orario di O3, NO2, SO2, PM10 and PM2.5 sull&#8217;Italia<\/li>\n<li>La simulazione oceanica (<span style=\"text-decoration: underline;\"><a href=\"https:\/\/geoweb.enea.it\/?page_id=14\">MARE<\/a><\/span> nel men\u00f9) \u00e8 relativa sia allo stato orario del mare (Temperatura, Salinit\u00e0 e Correnti) sia alle onde&nbsp; del Mar Mediterraneo<\/li>\n<li>L&#8217;analisi climatica (<span style=\"text-decoration: underline;\"><a href=\"https:\/\/geoweb.enea.it\/?page_id=111\">CLIM<\/a><\/span> nel men\u00f9) descrive a livello mensile le anomalie di temperatura e la pioggia cumulata.<\/li><\/ul>\t\t\t\t\t\t<\/div>\n\t\t\t\t<\/div>\n\t\t\t\t\t<\/div>\n\t\t<\/div>\n\t\t\t\t\t<\/div>\n\t\t<\/section>\n\t\t\t\t<\/div>\n\t\t","protected":false},"excerpt":{"rendered":"<p>In questo sito ENEA, la Divisione CLIMAR del DIpartimento SSPT presenta in modo geografico i risultati dei propri modelli&nbsp; di simulazione Atmosferica e Oceanica e di analisi Climatica. La simulazione atmosferica (ARIA nel men\u00f9) mostra il trasporto orario di O3, &hellip; <a href=\"https:\/\/geoweb.enea.it\/\">Continua<\/a><\/p>\n","protected":false},"author":1,"featured_media":0,"parent":0,"menu_order":0,"comment_status":"closed","ping_status":"closed","template":"","meta":{"kt_blocks_editor_width":"","footnotes":""},"class_list":["post-31","page","type-page","status-publish","hentry"],"_links":{"self":[{"href":"https:\/\/geoweb.enea.it\/index.php?rest_route=\/wp\/v2\/pages\/31","targetHints":{"allow":["GET"]}}],"collection":[{"href":"https:\/\/geoweb.enea.it\/index.php?rest_route=\/wp\/v2\/pages"}],"about":[{"href":"https:\/\/geoweb.enea.it\/index.php?rest_route=\/wp\/v2\/types\/page"}],"author":[{"embeddable":true,"href":"https:\/\/geoweb.enea.it\/index.php?rest_route=\/wp\/v2\/users\/1"}],"replies":[{"embeddable":true,"href":"https:\/\/geoweb.enea.it\/index.php?rest_route=%2Fwp%2Fv2%2Fcomments&post=31"}],"version-history":[{"count":76,"href":"https:\/\/geoweb.enea.it\/index.php?rest_route=\/wp\/v2\/pages\/31\/revisions"}],"predecessor-version":[{"id":1168,"href":"https:\/\/geoweb.enea.it\/index.php?rest_route=\/wp\/v2\/pages\/31\/revisions\/1168"}],"wp:attachment":[{"href":"https:\/\/geoweb.enea.it\/index.php?rest_route=%2Fwp%2Fv2%2Fmedia&parent=31"}],"curies":[{"name":"wp","href":"https:\/\/api.w.org\/{rel}","templated":true}]}}